{"id":64,"date":"2024-04-22T11:48:40","date_gmt":"2024-04-22T09:48:40","guid":{"rendered":"https:\/\/erb-sas.fr\/?page_id=64"},"modified":"2025-10-13T16:48:23","modified_gmt":"2025-10-13T14:48:23","slug":"elementor-64","status":"publish","type":"page","link":"https:\/\/erb-sas.fr\/","title":{"rendered":"Accueil"},"content":{"rendered":"\t\t<div data-elementor-type=\"wp-post\" data-elementor-id=\"64\" class=\"elementor elementor-64\">\n\t\t\t\t<div class=\"elementor-element elementor-element-1cb5b47 e-grid e-con-boxed e-con e-parent\" data-id=\"1cb5b47\" data-element_type=\"container\" data-e-type=\"container\">\n\t\t\t\t\t<div class=\"e-con-inner\">\n\t\t\t\t<div class=\"elementor-element elementor-element-f38f9ae elementor-widget elementor-widget-image\" data-id=\"f38f9ae\" data-element_type=\"widget\" data-e-type=\"widget\" data-widget_type=\"image.default\">\n\t\t\t\t<div class=\"elementor-widget-container\">\n\t\t\t\t\t\t\t\t\t\t\t\t\t\t\t<img fetchpriority=\"high\" decoding=\"async\" width=\"717\" height=\"311\" src=\"https:\/\/erb-sas.fr\/wp-content\/uploads\/2025\/04\/LOGO-ERB-24-03-2022.png\" class=\"attachment-large size-large wp-image-295\" alt=\"\" srcset=\"https:\/\/erb-sas.fr\/wp-content\/uploads\/2025\/04\/LOGO-ERB-24-03-2022.png 717w, https:\/\/erb-sas.fr\/wp-content\/uploads\/2025\/04\/LOGO-ERB-24-03-2022-300x130.png 300w\" sizes=\"(max-width: 717px) 100vw, 717px\" \/>\t\t\t\t\t\t\t\t\t\t\t\t\t\t\t<\/div>\n\t\t\t\t<\/div>\n\t\t\t\t<div class=\"elementor-element elementor-element-f95ea97 elementor-widget elementor-widget-image\" data-id=\"f95ea97\" data-element_type=\"widget\" data-e-type=\"widget\" data-widget_type=\"image.default\">\n\t\t\t\t<div class=\"elementor-widget-container\">\n\t\t\t\t\t\t\t\t\t\t\t\t\t\t\t<img decoding=\"async\" width=\"300\" height=\"240\" src=\"https:\/\/erb-sas.fr\/wp-content\/uploads\/2025\/04\/image-elec-armoire-elec-300x240.jpg\" class=\"attachment-medium size-medium wp-image-292\" alt=\"\" srcset=\"https:\/\/erb-sas.fr\/wp-content\/uploads\/2025\/04\/image-elec-armoire-elec-300x240.jpg 300w, https:\/\/erb-sas.fr\/wp-content\/uploads\/2025\/04\/image-elec-armoire-elec-1024x819.jpg 1024w, https:\/\/erb-sas.fr\/wp-content\/uploads\/2025\/04\/image-elec-armoire-elec-768x614.jpg 768w, https:\/\/erb-sas.fr\/wp-content\/uploads\/2025\/04\/image-elec-armoire-elec.jpg 1440w\" sizes=\"(max-width: 300px) 100vw, 300px\" \/>\t\t\t\t\t\t\t\t\t\t\t\t\t\t\t<\/div>\n\t\t\t\t<\/div>\n\t\t\t\t\t<\/div>\n\t\t\t\t<\/div>\n\t\t<div class=\"elementor-element elementor-element-4ff94ac e-flex e-con-boxed e-con e-parent\" data-id=\"4ff94ac\" data-element_type=\"container\" data-e-type=\"container\">\n\t\t\t\t\t<div class=\"e-con-inner\">\n\t\t\t\t<div class=\"elementor-element elementor-element-bbe313b elementor-widget elementor-widget-text-editor\" data-id=\"bbe313b\" data-element_type=\"widget\" data-e-type=\"widget\" data-widget_type=\"text-editor.default\">\n\t\t\t\t<div class=\"elementor-widget-container\">\n\t\t\t\t\t\t\t\t\t<blockquote><p class=\"MsoNormal\" style=\"margin-bottom: 0cm;\"><span style=\"font-family: 'Arial',sans-serif; mso-fareast-font-family: 'Times New Roman'; color: #004779; letter-spacing: .75pt; mso-font-kerning: 0pt; mso-ligatures: none; mso-fareast-language: FR;\"><strong>Bienvenue chez ERB<\/strong> &#8211; Votre expert en \u00e9lectricit\u00e9 g\u00e9n\u00e9rale implant\u00e9 dans le Val d\u2019Oise (95).<\/span><\/p><\/blockquote><p class=\"MsoNormal\" style=\"margin-bottom: 0cm;\"><span style=\"font-family: 'Arial',sans-serif; mso-fareast-font-family: 'Times New Roman'; color: #004779; letter-spacing: .75pt; mso-font-kerning: 0pt; mso-ligatures: none; mso-fareast-language: FR;\">Depuis 2013, ERB met son savoir-faire et son exp\u00e9rience au service des particuliers, mais essentiellement d<\/span><span style=\"color: #004779;\"><span style=\"font-family: Arial, sans-serif; letter-spacing: 0.75pt;\">es p<\/span><\/span><span style=\"font-family: 'Arial',sans-serif; mso-fareast-font-family: 'Times New Roman'; color: #004779; letter-spacing: .75pt; mso-font-kerning: 0pt; mso-ligatures: none; mso-fareast-language: FR;\">rofessionnels et des collectivit\u00e9s.<\/span><\/p><p class=\"MsoNormal\" style=\"margin-bottom: 0cm;\"><span style=\"font-family: 'Arial',sans-serif; mso-fareast-font-family: 'Times New Roman'; color: #004779; letter-spacing: .75pt; mso-font-kerning: 0pt; mso-ligatures: none; mso-fareast-language: FR;\">Nous intervenons dans toute la r\u00e9gion parisienne et oisienne (60).<\/span><\/p><p class=\"MsoNormal\" style=\"margin-bottom: 0cm;\"><span style=\"font-family: 'Arial',sans-serif; mso-fareast-font-family: 'Times New Roman'; color: #004779; letter-spacing: .75pt; mso-font-kerning: 0pt; mso-ligatures: none; mso-fareast-language: FR;\">Sp\u00e9cialis\u00e9s en \u00e9lectricit\u00e9 g\u00e9n\u00e9rale, nous r\u00e9alisons tous projets d&rsquo;installation, de r\u00e9novation, d&rsquo;agencement de mise en conformit\u00e9 et de d\u00e9pannage \u00e9lectrique.<\/span><\/p><p class=\"MsoNormal\" style=\"margin-bottom: 0cm;\"><span style=\"font-family: 'Arial',sans-serif; mso-fareast-font-family: 'Times New Roman'; color: #004779; letter-spacing: .75pt; mso-font-kerning: 0pt; mso-ligatures: none; mso-fareast-language: FR;\">ERB met au service de ses clients une \u00e9quipe de professionnels qualifi\u00e9s et un r\u00e9seau de partenaires de confiances.<\/span><\/p><p class=\"MsoNormal\" style=\"margin-bottom: 0cm;\"><span style=\"font-family: 'Arial',sans-serif; mso-fareast-font-family: 'Times New Roman'; color: #004779; letter-spacing: .75pt; mso-font-kerning: 0pt; mso-ligatures: none; mso-fareast-language: FR;\">Nos techniciens assurent l\u2019\u00e9tude, l\u2019installation et la mise en service des travaux de courants faibles et forts gr\u00e2ce \u00e0 leur savoir-faire. <\/span><\/p><p class=\"MsoNormal\" style=\"margin-bottom: 0cm;\"><span style=\"font-family: 'Arial',sans-serif; mso-fareast-font-family: 'Times New Roman'; color: #004779; letter-spacing: .75pt; mso-font-kerning: 0pt; mso-ligatures: none; mso-fareast-language: FR;\">Nos engagements:<\/span><\/p><ul><li class=\"MsoNormal\"><span style=\"font-family: 'Arial',sans-serif; mso-fareast-font-family: 'Times New Roman'; color: #004779; letter-spacing: .75pt; mso-font-kerning: 0pt; mso-ligatures: none; mso-fareast-language: FR;\">Qualit\u00e9 de service irr\u00e9prochable<\/span><\/li><li class=\"MsoNormal\"><span style=\"font-family: 'Arial',sans-serif; mso-fareast-font-family: 'Times New Roman'; color: #004779; letter-spacing: .75pt; mso-font-kerning: 0pt; mso-ligatures: none; mso-fareast-language: FR;\">Interventions rapides et efficaces<\/span><\/li><li class=\"MsoNormal\"><span style=\"font-family: 'Arial',sans-serif; mso-fareast-font-family: 'Times New Roman'; color: #004779; letter-spacing: .75pt; mso-font-kerning: 0pt; mso-ligatures: none; mso-fareast-language: FR;\">Respect des normes en vigueur<\/span><\/li><li class=\"MsoNormal\"><span style=\"font-family: 'Arial',sans-serif; mso-fareast-font-family: 'Times New Roman'; color: #004779; letter-spacing: .75pt; mso-font-kerning: 0pt; mso-ligatures: none; mso-fareast-language: FR;\">Conseils personnalis\u00e9s et solutions sur mesure<\/span><\/li><\/ul><p><span style=\"font-family: 'Arial',sans-serif; mso-fareast-font-family: 'Times New Roman'; color: #004779; letter-spacing: .75pt; mso-font-kerning: 0pt; mso-ligatures: none; mso-fareast-language: FR;\">Les \u00e9quipes ERB s&rsquo;engage \u00e0 respecter vos exigences et mettent \u00e0 votre disposition un charg\u00e9 d\u2019affaires attitr\u00e9 \u00e0 votre projet qui vous guidera de la d\u00e9finition de vos besoins jusqu\u2019\u00e0 la r\u00e9alisation de vos installations.<\/span><\/p><p><span style=\"font-family: 'Arial',sans-serif; mso-fareast-font-family: 'Times New Roman'; color: #004779; letter-spacing: .75pt; mso-font-kerning: 0pt; mso-ligatures: none; mso-fareast-language: FR;\">Vous l&rsquo;avez compris, que vous soyez en phase de construction, de r\u00e9novation ou que vous ayez besoin d&rsquo;une intervention urgente, notre \u00e9quipe de techniciens qualifi\u00e9s est \u00e0 votre \u00e9coute pour garantir votre confort, votre s\u00e9curit\u00e9 et l&rsquo;optimisation de votre installation \u00e9lectrique.<\/span><\/p><p><span style=\"font-family: 'Arial',sans-serif; mso-fareast-font-family: 'Times New Roman'; color: #004779; letter-spacing: .75pt; mso-font-kerning: 0pt; mso-ligatures: none; mso-fareast-language: FR;\">Vous retrouverez nos prestations d\u00e9taill\u00e9s ici :<a href=\"https:\/\/erb-sas.fr\/index.php\/nos-secteurs-dinterventions\/\">https:\/\/erb-sas.fr\/index.php\/nos-secteurs-dinterventions\/<\/a><\/span><\/p><blockquote><p><span style=\"font-family: 'Arial',sans-serif; mso-fareast-font-family: 'Times New Roman'; color: #004779; letter-spacing: .75pt; mso-font-kerning: 0pt; mso-ligatures: none; mso-fareast-language: FR;\">Faites confiance \u00e0 ERB pour des travaux \u00e9lectriques s\u00fbrs, fiables et durables\u00a0 !<\/span><\/p><p><span style=\"color: #ff0000;\"><strong>Contact t\u00e9l\u00e9phonique 01 30 28 02 65<\/strong><\/span><\/p><\/blockquote>\t\t\t\t\t\t\t\t<\/div>\n\t\t\t\t<\/div>\n\t\t\t\t\t<\/div>\n\t\t\t\t<\/div>\n\t\t<div class=\"elementor-element elementor-element-dacfe15 e-flex e-con-boxed e-con e-parent\" data-id=\"dacfe15\" data-element_type=\"container\" data-e-type=\"container\">\n\t\t\t\t\t<div class=\"e-con-inner\">\n\t\t<div class=\"elementor-element elementor-element-dfc8243 e-con-full e-flex e-con e-child\" data-id=\"dfc8243\" data-element_type=\"container\" data-e-type=\"container\">\n\t\t\t\t<div class=\"elementor-element elementor-element-d988cb9 elementor-widget__width-initial elementor-widget elementor-widget-text-editor\" data-id=\"d988cb9\" data-element_type=\"widget\" data-e-type=\"widget\" data-widget_type=\"text-editor.default\">\n\t\t\t\t<div class=\"elementor-widget-container\">\n\t\t\t\t\t\t\t\t\t<p class=\"MsoNormal\" style=\"margin-bottom: 7.5pt; background-image: initial; background-position: initial; background-size: initial; background-repeat: initial; background-attachment: initial; background-origin: initial; background-clip: initial;\"><span style=\"color: #02aeed;\"><b><span style=\"font-size: 24pt; font-family: Arial, sans-serif; text-transform: uppercase; letter-spacing: 0.75pt;\">Pourquoi nous choisir ?&nbsp; &nbsp; &nbsp; <\/span><\/b><\/span><span style=\"color: rgb(2, 174, 237); font-family: Arial, sans-serif; font-size: 19pt; letter-spacing: 0.75pt;\">La confiance et la qualit\u00e9 avant tout<\/span><\/p>\n<p class=\"MsoNormal\" style=\"margin-bottom: 0cm; line-height: 13.5pt; background-image: initial; background-position: initial; background-size: initial; background-repeat: initial; background-attachment: initial; background-origin: initial; background-clip: initial;\">\n<\/p>\t\t\t\t\t\t\t\t<\/div>\n\t\t\t\t<\/div>\n\t\t\t\t<\/div>\n\t\t\t\t\t<\/div>\n\t\t\t\t<\/div>\n\t\t<div class=\"elementor-element elementor-element-16e9083 e-flex e-con-boxed e-con e-parent\" data-id=\"16e9083\" data-element_type=\"container\" data-e-type=\"container\">\n\t\t\t\t\t<div class=\"e-con-inner\">\n\t\t\t\t<div class=\"elementor-element elementor-element-52498c3 elementor-widget elementor-widget-heading\" data-id=\"52498c3\" data-element_type=\"widget\" data-e-type=\"widget\" data-widget_type=\"heading.default\">\n\t\t\t\t<div class=\"elementor-widget-container\">\n\t\t\t\t\t<h2 class=\"elementor-heading-title elementor-size-default\">ERB aime sa plan\u00e8te,<br>\nD\u00e9marche RSE (Responsabilit\u00e9 Soci\u00e9tale des Entreprises)<\/h2>\t\t\t\t<\/div>\n\t\t\t\t<\/div>\n\t\t\t\t\t<\/div>\n\t\t\t\t<\/div>\n\t\t<div class=\"elementor-element elementor-element-478fc53 e-flex e-con-boxed e-con e-parent\" data-id=\"478fc53\" data-element_type=\"container\" data-e-type=\"container\">\n\t\t\t\t\t<div class=\"e-con-inner\">\n\t\t<div class=\"elementor-element elementor-element-bc6a37b e-con-full e-flex e-con e-child\" data-id=\"bc6a37b\" data-element_type=\"container\" data-e-type=\"container\">\n\t\t\t\t<div class=\"elementor-element elementor-element-3db1058 elementor-widget elementor-widget-text-editor\" data-id=\"3db1058\" data-element_type=\"widget\" data-e-type=\"widget\" data-widget_type=\"text-editor.default\">\n\t\t\t\t<div class=\"elementor-widget-container\">\n\t\t\t\t\t\t\t\t\t<h4>Notre d\u00e9marche RSE \u2013 Responsabilit\u00e9 Soci\u00e9tale de l\u2019Entreprise<\/h4><p><span style=\"color: #27a7d6;\">ERB int\u00e8gre depuis plusieurs ann\u00e9es une d\u00e9marche de Responsabilit\u00e9 Soci\u00e9tale de l\u2019Entreprise (RSE) dans l\u2019ensemble de ses activit\u00e9s, en coh\u00e9rence avec les attentes du secteur ferroviaire et les engagements de la SNCF. Cette d\u00e9marche s\u2019articule autour de trois axes prioritaires : l\u2019engagement social, la responsabilit\u00e9 environnementale, et l\u2019\u00e9thique professionnelle.<\/span><\/p><h5><a name=\"_Toc204187579\"><\/a>1.\u00a0 \u00a0Engagement social<\/h5><p><span style=\"color: #27a7d6;\">ERB <strong>valorise les comp\u00e9tences de ses collaborateurs<\/strong> et veille \u00e0 leur mont\u00e9e en comp\u00e9tence continue par la formation (s\u00e9curit\u00e9, risques ferroviaires, techniques). Une attention particuli\u00e8re est port\u00e9e au bien-\u00eatre au travail, \u00e0 la stabilit\u00e9 des \u00e9quipes et \u00e0 la lutte contre toute forme de discrimination.<\/span><\/p><h5>2<a name=\"_Toc204187580\"><\/a>.\u00a0 Responsabilit\u00e9 environnementale<\/h5><p><span style=\"color: #27a7d6;\">ERB limite au maximum l\u2019impact environnemental de ses activit\u00e9s :<\/span><\/p><ul><li><span style=\"color: #27a7d6;\"><strong>Tri des d\u00e9chets syst\u00e9matique<\/strong> sur ses chantiers avec tra\u00e7abilit\u00e9 vers des fili\u00e8res agr\u00e9\u00e9es (ex. PAPREC).<\/span><\/li><li><span style=\"color: #27a7d6;\"><strong>R\u00e9duction des trajets inutiles<\/strong> par une planification optimis\u00e9e et l\u2019usage de v\u00e9hicules mutualis\u00e9s (flotte adapt\u00e9e, limitation des livraisons).<\/span><\/li><li><span style=\"color: #27a7d6;\">S\u00e9lection de mat\u00e9riel et de <strong>fournisseurs privil\u00e9giant la performance \u00e9nerg\u00e9tique<\/strong> ou l\u2019\u00e9co-conception lorsque le march\u00e9 le permet.<\/span><\/li><li><span style=\"color: #27a7d6;\"><strong>R\u00e9duction des nuisances sur chantier<\/strong> (poussi\u00e8res, bruit, \u00e9clairage, flux).<\/span><\/li><\/ul><h5>3.\u00a0 \u00a0\u00c9thique et relations durables<\/h5><p><span style=\"color: #27a7d6;\">La direction d\u2019ERB porte une attention particuli\u00e8re \u00e0 <strong>l\u2019exemplarit\u00e9 et \u00e0 la relation de confiance avec ses clients<\/strong>, partenaires et collaborateurs. La transparence, le respect des engagements et la conformit\u00e9 r\u00e9glementaire sont au c\u0153ur de sa culture d\u2019entreprise.<\/span><\/p>\t\t\t\t\t\t\t\t<\/div>\n\t\t\t\t<\/div>\n\t\t\t\t<div class=\"elementor-element elementor-element-1a45f3f elementor-widget elementor-widget-text-editor\" data-id=\"1a45f3f\" data-element_type=\"widget\" data-e-type=\"widget\" data-widget_type=\"text-editor.default\">\n\t\t\t\t<div class=\"elementor-widget-container\">\n\t\t\t\t\t\t\t\t\t<h3>Qualifications professionnelles<\/h3>\t\t\t\t\t\t\t\t<\/div>\n\t\t\t\t<\/div>\n\t\t\t\t<\/div>\n\t\t\t\t\t<\/div>\n\t\t\t\t<\/div>\n\t\t<div class=\"elementor-element elementor-element-559ea75 e-grid e-con-boxed e-con e-parent\" data-id=\"559ea75\" data-element_type=\"container\" data-e-type=\"container\">\n\t\t\t\t\t<div class=\"e-con-inner\">\n\t\t\t\t<div class=\"elementor-element elementor-element-72bc630 elementor-widget elementor-widget-text-editor\" data-id=\"72bc630\" data-element_type=\"widget\" data-e-type=\"widget\" data-widget_type=\"text-editor.default\">\n\t\t\t\t<div class=\"elementor-widget-container\">\n\t\t\t\t\t\t\t\t\t<p><span style=\"color: #27a7d6;\">La soci\u00e9t\u00e9 ERB dispose de qualifications professionnelles reconnues dans le domaine du g\u00e9nie \u00e9lectrique, attestant de son savoir-faire et de sa capacit\u00e9 \u00e0 r\u00e9aliser des travaux en courants forts et courants faibles conform\u00e9ment aux exigences techniques et r\u00e9glementaires du secteur.<\/span><\/p><p><span style=\"color: #27a7d6;\">ERB est certifi\u00e9 QUALIFELEC, un label qui atteste de la qualit\u00e9 des entreprises d&rsquo;\u00e9lectricit\u00e9 g\u00e9n\u00e9rale et apporte aux clients la meilleure garantie de satisfaction, de s\u00e9curit\u00e9 et de performance des installations.<\/span><\/p><p><span style=\"color: #27a7d6;\">MGTI &#8211; Moyen Gros Tertiaire Industrie<\/span><\/p>\t\t\t\t\t\t\t\t<\/div>\n\t\t\t\t<\/div>\n\t\t\t\t<div class=\"elementor-element elementor-element-00faf84 elementor-widget elementor-widget-image\" data-id=\"00faf84\" data-element_type=\"widget\" data-e-type=\"widget\" data-widget_type=\"image.default\">\n\t\t\t\t<div class=\"elementor-widget-container\">\n\t\t\t\t\t\t\t\t\t\t\t\t\t\t\t<img decoding=\"async\" width=\"191\" height=\"300\" src=\"https:\/\/erb-sas.fr\/wp-content\/uploads\/2024\/11\/logo-qualifelec-255x400-1-191x300.jpg\" class=\"attachment-medium size-medium wp-image-146\" alt=\"\" srcset=\"https:\/\/erb-sas.fr\/wp-content\/uploads\/2024\/11\/logo-qualifelec-255x400-1-191x300.jpg 191w, https:\/\/erb-sas.fr\/wp-content\/uploads\/2024\/11\/logo-qualifelec-255x400-1.jpg 255w\" sizes=\"(max-width: 191px) 100vw, 191px\" \/>\t\t\t\t\t\t\t\t\t\t\t\t\t\t\t<\/div>\n\t\t\t\t<\/div>\n\t\t<div class=\"elementor-element elementor-element-def8088 e-con-full e-flex e-con e-child\" data-id=\"def8088\" data-element_type=\"container\" data-e-type=\"container\">\n\t\t\t\t<div class=\"elementor-element elementor-element-06402a0 elementor-widget elementor-widget-image\" data-id=\"06402a0\" data-element_type=\"widget\" data-e-type=\"widget\" data-widget_type=\"image.default\">\n\t\t\t\t<div class=\"elementor-widget-container\">\n\t\t\t\t\t\t\t\t\t\t\t\t\t\t\t<img loading=\"lazy\" decoding=\"async\" width=\"598\" height=\"131\" src=\"https:\/\/erb-sas.fr\/wp-content\/uploads\/2025\/10\/ecovadi-avec-filigrame.png\" class=\"attachment-large size-large wp-image-329\" alt=\"\" srcset=\"https:\/\/erb-sas.fr\/wp-content\/uploads\/2025\/10\/ecovadi-avec-filigrame.png 598w, https:\/\/erb-sas.fr\/wp-content\/uploads\/2025\/10\/ecovadi-avec-filigrame-300x66.png 300w\" sizes=\"(max-width: 598px) 100vw, 598px\" \/>\t\t\t\t\t\t\t\t\t\t\t\t\t\t\t<\/div>\n\t\t\t\t<\/div>\n\t\t\t\t<\/div>\n\t\t\t\t<div class=\"elementor-element elementor-element-79c8405 elementor-widget elementor-widget-text-editor\" data-id=\"79c8405\" data-element_type=\"widget\" data-e-type=\"widget\" data-widget_type=\"text-editor.default\">\n\t\t\t\t<div class=\"elementor-widget-container\">\n\t\t\t\t\t\t\t\t\t<p>\u00a0<\/p><p><span style=\"color: #27a7d6;\"><strong>Label ECOVADIS \u2013 Une reconnaissance forte de notre d\u00e9marche RSE<\/strong><\/span><\/p><p><span style=\"color: #27a7d6;\">La soci\u00e9t\u00e9 ERB a r\u00e9cemment obtenu la <strong>m\u00e9daille d\u2019or ECOVADIS<\/strong>, une distinction qui place l\u2019entreprise <strong>parmi les 5 % les mieux not\u00e9es<\/strong> parmi les milliers d\u2019organisations \u00e9valu\u00e9es chaque ann\u00e9e \u00e0 l\u2019\u00e9chelle internationale.<\/span><\/p>\t\t\t\t\t\t\t\t<\/div>\n\t\t\t\t<\/div>\n\t\t\t\t\t<\/div>\n\t\t\t\t<\/div>\n\t\t<div class=\"elementor-element elementor-element-fb5acb6 e-flex e-con-boxed e-con e-parent\" data-id=\"fb5acb6\" data-element_type=\"container\" data-e-type=\"container\">\n\t\t\t\t\t<div class=\"e-con-inner\">\n\t\t\t\t<div class=\"elementor-element elementor-element-3779821 elementor-widget elementor-widget-image\" data-id=\"3779821\" data-element_type=\"widget\" data-e-type=\"widget\" data-widget_type=\"image.default\">\n\t\t\t\t<div class=\"elementor-widget-container\">\n\t\t\t\t\t\t\t\t\t\t\t\t\t\t\t<img loading=\"lazy\" decoding=\"async\" width=\"921\" height=\"600\" src=\"https:\/\/erb-sas.fr\/wp-content\/uploads\/2025\/10\/demarche-RSE-Proviridis.png\" class=\"attachment-large size-large wp-image-324\" alt=\"\" srcset=\"https:\/\/erb-sas.fr\/wp-content\/uploads\/2025\/10\/demarche-RSE-Proviridis.png 921w, https:\/\/erb-sas.fr\/wp-content\/uploads\/2025\/10\/demarche-RSE-Proviridis-300x195.png 300w, https:\/\/erb-sas.fr\/wp-content\/uploads\/2025\/10\/demarche-RSE-Proviridis-768x500.png 768w\" sizes=\"(max-width: 921px) 100vw, 921px\" \/>\t\t\t\t\t\t\t\t\t\t\t\t\t\t\t<\/div>\n\t\t\t\t<\/div>\n\t\t\t\t\t<\/div>\n\t\t\t\t<\/div>\n\t\t\t\t<\/div>\n\t\t","protected":false},"excerpt":{"rendered":"<p>Bienvenue chez ERB &#8211; Votre expert en \u00e9lectricit\u00e9 g\u00e9n\u00e9rale implant\u00e9 dans le Val d\u2019Oise (95). Depuis 2013, ERB met son savoir-faire et son exp\u00e9rience au service des particuliers, mais essentiellement des professionnels et des collectivit\u00e9s. Nous intervenons dans toute la r\u00e9gion parisienne et oisienne (60). Sp\u00e9cialis\u00e9s en \u00e9lectricit\u00e9 g\u00e9n\u00e9rale, nous r\u00e9alisons tous projets d&rsquo;installation, de [&hellip;]<\/p>\n","protected":false},"author":1,"featured_media":0,"parent":0,"menu_order":0,"comment_status":"closed","ping_status":"closed","template":"","meta":{"footnotes":""},"class_list":["post-64","page","type-page","status-publish","hentry"],"_links":{"self":[{"href":"https:\/\/erb-sas.fr\/index.php\/wp-json\/wp\/v2\/pages\/64","targetHints":{"allow":["GET"]}}],"collection":[{"href":"https:\/\/erb-sas.fr\/index.php\/wp-json\/wp\/v2\/pages"}],"about":[{"href":"https:\/\/erb-sas.fr\/index.php\/wp-json\/wp\/v2\/types\/page"}],"author":[{"embeddable":true,"href":"https:\/\/erb-sas.fr\/index.php\/wp-json\/wp\/v2\/users\/1"}],"replies":[{"embeddable":true,"href":"https:\/\/erb-sas.fr\/index.php\/wp-json\/wp\/v2\/comments?post=64"}],"version-history":[{"count":49,"href":"https:\/\/erb-sas.fr\/index.php\/wp-json\/wp\/v2\/pages\/64\/revisions"}],"predecessor-version":[{"id":332,"href":"https:\/\/erb-sas.fr\/index.php\/wp-json\/wp\/v2\/pages\/64\/revisions\/332"}],"wp:attachment":[{"href":"https:\/\/erb-sas.fr\/index.php\/wp-json\/wp\/v2\/media?parent=64"}],"curies":[{"name":"wp","href":"https:\/\/api.w.org\/{rel}","templated":true}]}}