{"id":179,"date":"2024-11-18T14:41:45","date_gmt":"2024-11-18T13:41:45","guid":{"rendered":"https:\/\/erb-sas.fr\/?page_id=179"},"modified":"2025-04-28T13:57:17","modified_gmt":"2025-04-28T11:57:17","slug":"a-propos","status":"publish","type":"page","link":"https:\/\/erb-sas.fr\/index.php\/a-propos\/","title":{"rendered":"A Propos"},"content":{"rendered":"\t\t<div data-elementor-type=\"wp-page\" data-elementor-id=\"179\" class=\"elementor elementor-179\">\n\t\t\t\t<div class=\"elementor-element elementor-element-cb0c020 e-flex e-con-boxed e-con e-parent\" data-id=\"cb0c020\" data-element_type=\"container\" data-e-type=\"container\">\n\t\t\t\t\t<div class=\"e-con-inner\">\n\t\t\t\t<div class=\"elementor-element elementor-element-8f663e5 elementor-widget elementor-widget-text-editor\" data-id=\"8f663e5\" data-element_type=\"widget\" data-e-type=\"widget\" data-widget_type=\"text-editor.default\">\n\t\t\t\t<div class=\"elementor-widget-container\">\n\t\t\t\t\t\t\t\t\t<p class=\"MsoNormal\"><span style=\"font-size: 20.5pt; line-height: 107%; font-family: 'Arial',sans-serif; mso-fareast-font-family: 'Times New Roman'; color: #02aeed; text-transform: uppercase; letter-spacing: .75pt; mso-font-kerning: 0pt; mso-ligatures: none; mso-fareast-language: FR;\">ERB Votre \u00e9lectricien certifi\u00e9<\/span><\/p><p class=\"MsoNormal\" style=\"margin-bottom: 0cm; text-align: justify;\"><span style=\"font-size: 12pt; line-height: 107%; font-family: Arial, sans-serif; color: #004779; letter-spacing: 0.75pt;\">La SASU ERB (Electricit\u00e9 R\u00e9novation B\u00e2timent) a \u00e9t\u00e9 fond\u00e9e en janvier 2013.<\/span><\/p><p class=\"MsoNormal\" style=\"margin-bottom: 0cm; text-align: justify;\"><span style=\"font-size: 12pt; line-height: 107%; font-family: Arial, sans-serif; color: #004779; letter-spacing: 0.75pt;\">La soci\u00e9t\u00e9 est \u00e0 sa cr\u00e9ation une petite entreprise tous corps d\u2019\u00e9tat.<\/span><\/p><p class=\"MsoNormal\" style=\"margin-bottom: 0cm; text-align: justify;\"><span style=\"font-size: 12pt; line-height: 107%; font-family: Arial, sans-serif; color: #004779; letter-spacing: 0.75pt;\">Le Pr\u00e9sident, fort d\u2019une exp\u00e9rience de plus de 25 ans oriente tr\u00e8s rapidement ERB exclusivement dans le domaine de l\u2019\u00e9lectricit\u00e9 g\u00e9n\u00e9rale, courants forts et courants faibles. <\/span><\/p><p class=\"MsoNormal\" style=\"margin-bottom: 0cm; text-align: justify;\"><span style=\"font-size: 12pt; line-height: 107%; font-family: Arial, sans-serif; color: #004779; letter-spacing: 0.75pt;\">Petit \u00e0 petit le savoir faire se fait remarquer, les premiers clients lui font confiance et recommande l&rsquo;entreprise qui grandit d&rsquo;ann\u00e9e en ann\u00e9e. L&rsquo;\u00e9quipe s&rsquo;agrandit mais reste n\u00e9anmoins une petite structure \u00e0 l&rsquo;esprit familiale.<\/span><\/p><p class=\"MsoNormal\" style=\"margin-bottom: 0cm; text-align: justify;\"><span style=\"font-size: 12pt; line-height: 107%; font-family: Arial, sans-serif; color: #004779; letter-spacing: 0.75pt;\">ERB intervient r\u00e9guli\u00e8rement en \u00e9lectricit\u00e9 g\u00e9n\u00e9rale sur tous les d\u00e9partements\u00a0 suivants et ouverte \u00e0 d&rsquo;\u00e9ventuelles autres opportunit\u00e9s :<\/span><\/p><p class=\"MsoNormal\" style=\"margin-bottom: 0cm; line-height: 19.5pt; background-image: initial; background-position: initial; background-size: initial; background-repeat: initial; background-attachment: initial; background-origin: initial; background-clip: initial;\"><span style=\"color: #004779;\"><b><span style=\"font-size: 12pt; font-family: Arial, sans-serif; letter-spacing: 0.75pt;\">La Seine-et-Marne (77)<\/span><\/b><\/span><\/p><p class=\"MsoNormal\" style=\"margin-bottom: 0cm; line-height: 19.5pt; background-image: initial; background-position: initial; background-size: initial; background-repeat: initial; background-attachment: initial; background-origin: initial; background-clip: initial;\"><span style=\"color: #004779;\"><b><span style=\"font-size: 12pt; font-family: Arial, sans-serif; letter-spacing: 0.75pt;\">L\u2019Essonne (91)<\/span><\/b><\/span><\/p><p class=\"MsoNormal\" style=\"margin-bottom: 0cm; line-height: 19.5pt; background-image: initial; background-position: initial; background-size: initial; background-repeat: initial; background-attachment: initial; background-origin: initial; background-clip: initial;\"><span style=\"color: #004779;\"><b><span style=\"font-size: 12pt; font-family: Arial, sans-serif; letter-spacing: 0.75pt;\">Les Yvelines (78)<\/span><\/b><\/span><\/p><p class=\"MsoNormal\" style=\"margin-bottom: 0cm; line-height: 19.5pt; background-image: initial; background-position: initial; background-size: initial; background-repeat: initial; background-attachment: initial; background-origin: initial; background-clip: initial;\"><span style=\"color: #004779;\"><b><span style=\"font-size: 12pt; font-family: Arial, sans-serif; letter-spacing: 0.75pt;\">L\u2019Oise (60)<\/span><\/b><\/span><\/p><p class=\"MsoNormal\" style=\"margin-bottom: 0cm; line-height: 19.5pt; background-image: initial; background-position: initial; background-size: initial; background-repeat: initial; background-attachment: initial; background-origin: initial; background-clip: initial;\"><span style=\"color: #004779;\"><b><span style=\"font-size: 12pt; font-family: Arial, sans-serif; letter-spacing: 0.75pt;\">Le Val d\u2019Oise (95)<\/span><\/b><\/span><\/p><p class=\"MsoNormal\" style=\"margin-bottom: 0cm; line-height: 19.5pt; background-image: initial; background-position: initial; background-size: initial; background-repeat: initial; background-attachment: initial; background-origin: initial; background-clip: initial;\"><span style=\"color: #004779;\"><b><span style=\"font-size: 12pt; font-family: Arial, sans-serif; letter-spacing: 0.75pt;\">Le Val de Marne (94)<\/span><\/b><\/span><\/p><p class=\"MsoNormal\" style=\"margin-bottom: 0cm; line-height: 19.5pt; background-image: initial; background-position: initial; background-size: initial; background-repeat: initial; background-attachment: initial; background-origin: initial; background-clip: initial;\"><span style=\"color: #004779;\"><b><span style=\"font-size: 12pt; font-family: Arial, sans-serif; letter-spacing: 0.75pt;\">La Seine-Saint-Denis (93)<\/span><\/b><\/span><\/p><p class=\"MsoNormal\" style=\"margin-bottom: 0cm; line-height: 19.5pt; background-image: initial; background-position: initial; background-size: initial; background-repeat: initial; background-attachment: initial; background-origin: initial; background-clip: initial;\"><span style=\"color: #004779;\"><b><span style=\"font-size: 12pt; font-family: Arial, sans-serif; letter-spacing: 0.75pt;\">Les Hauts de Seine (92)<\/span><\/b><\/span><\/p><p class=\"MsoNormal\" style=\"margin-bottom: 0cm; line-height: 19.5pt; background-image: initial; background-position: initial; background-size: initial; background-repeat: initial; background-attachment: initial; background-origin: initial; background-clip: initial;\"><span style=\"color: #004779;\"><b><span style=\"font-size: 12pt; font-family: Arial, sans-serif; letter-spacing: 0.75pt;\">Paris (75)<\/span><\/b><\/span><\/p><p class=\"MsoNormal\" style=\"margin-bottom: 0cm; line-height: 19.5pt; background-image: initial; background-position: initial; background-size: initial; background-repeat: initial; background-attachment: initial; background-origin: initial; background-clip: initial;\"><b><span style=\"font-size: 12.0pt; font-family: 'Arial',sans-serif; mso-fareast-font-family: 'Times New Roman'; color: #646464; letter-spacing: .75pt; mso-font-kerning: 0pt; mso-ligatures: none; mso-fareast-language: FR;\">\u00a0<\/span><\/b><\/p>\t\t\t\t\t\t\t\t<\/div>\n\t\t\t\t<\/div>\n\t\t\t\t\t<\/div>\n\t\t\t\t<\/div>\n\t\t<div class=\"elementor-element elementor-element-d3fa7b2 e-flex e-con-boxed e-con e-parent\" data-id=\"d3fa7b2\" data-element_type=\"container\" data-e-type=\"container\">\n\t\t\t\t\t<div class=\"e-con-inner\">\n\t\t\t\t<div class=\"elementor-element elementor-element-83d7a31 elementor-widget elementor-widget-text-editor\" data-id=\"83d7a31\" data-element_type=\"widget\" data-e-type=\"widget\" data-widget_type=\"text-editor.default\">\n\t\t\t\t<div class=\"elementor-widget-container\">\n\t\t\t\t\t\t\t\t\t<p class=\"MsoNormal\"><span style=\"font-size: 20.5pt; line-height: 107%; font-family: 'Arial',sans-serif; mso-fareast-font-family: 'Times New Roman'; color: #02aeed; text-transform: uppercase; letter-spacing: .75pt; mso-font-kerning: 0pt; mso-ligatures: none; mso-fareast-language: FR;\">QUELQUES FOURNISSEURS<\/span><\/p>\t\t\t\t\t\t\t\t<\/div>\n\t\t\t\t<\/div>\n\t\t\t\t\t<\/div>\n\t\t\t\t<\/div>\n\t\t<div class=\"elementor-element elementor-element-df130d0 e-grid e-con-boxed e-con e-parent\" data-id=\"df130d0\" data-element_type=\"container\" data-e-type=\"container\">\n\t\t\t\t\t<div class=\"e-con-inner\">\n\t\t\t\t<div class=\"elementor-element elementor-element-c2ebc21 elementor-widget elementor-widget-image\" data-id=\"c2ebc21\" data-element_type=\"widget\" data-e-type=\"widget\" data-widget_type=\"image.default\">\n\t\t\t\t<div class=\"elementor-widget-container\">\n\t\t\t\t\t\t\t\t\t\t\t\t\t\t\t<img fetchpriority=\"high\" decoding=\"async\" width=\"1024\" height=\"410\" src=\"https:\/\/erb-sas.fr\/wp-content\/uploads\/2024\/11\/schneider-electric-logo-1024x410.png\" class=\"attachment-large size-large wp-image-150\" alt=\"\" srcset=\"https:\/\/erb-sas.fr\/wp-content\/uploads\/2024\/11\/schneider-electric-logo-1024x410.png 1024w, https:\/\/erb-sas.fr\/wp-content\/uploads\/2024\/11\/schneider-electric-logo-300x120.png 300w, https:\/\/erb-sas.fr\/wp-content\/uploads\/2024\/11\/schneider-electric-logo-768x307.png 768w, https:\/\/erb-sas.fr\/wp-content\/uploads\/2024\/11\/schneider-electric-logo-1536x615.png 1536w, https:\/\/erb-sas.fr\/wp-content\/uploads\/2024\/11\/schneider-electric-logo-2048x820.png 2048w\" sizes=\"(max-width: 1024px) 100vw, 1024px\" \/>\t\t\t\t\t\t\t\t\t\t\t\t\t\t\t<\/div>\n\t\t\t\t<\/div>\n\t\t\t\t<div class=\"elementor-element elementor-element-997c3bf elementor-widget elementor-widget-image\" data-id=\"997c3bf\" data-element_type=\"widget\" data-e-type=\"widget\" data-widget_type=\"image.default\">\n\t\t\t\t<div class=\"elementor-widget-container\">\n\t\t\t\t\t\t\t\t\t\t\t\t\t\t\t<img decoding=\"async\" width=\"640\" height=\"277\" src=\"https:\/\/erb-sas.fr\/wp-content\/uploads\/2024\/11\/petitdidier.webp\" class=\"attachment-large size-large wp-image-148\" alt=\"\" srcset=\"https:\/\/erb-sas.fr\/wp-content\/uploads\/2024\/11\/petitdidier.webp 640w, https:\/\/erb-sas.fr\/wp-content\/uploads\/2024\/11\/petitdidier-300x130.webp 300w\" sizes=\"(max-width: 640px) 100vw, 640px\" \/>\t\t\t\t\t\t\t\t\t\t\t\t\t\t\t<\/div>\n\t\t\t\t<\/div>\n\t\t\t\t<div class=\"elementor-element elementor-element-32bed01 elementor-widget elementor-widget-image\" data-id=\"32bed01\" data-element_type=\"widget\" data-e-type=\"widget\" data-widget_type=\"image.default\">\n\t\t\t\t<div class=\"elementor-widget-container\">\n\t\t\t\t\t\t\t\t\t\t\t\t\t\t\t<img decoding=\"async\" width=\"414\" height=\"233\" src=\"https:\/\/erb-sas.fr\/wp-content\/uploads\/2024\/11\/sonepar.png\" class=\"attachment-large size-large wp-image-151\" alt=\"\" srcset=\"https:\/\/erb-sas.fr\/wp-content\/uploads\/2024\/11\/sonepar.png 414w, https:\/\/erb-sas.fr\/wp-content\/uploads\/2024\/11\/sonepar-300x169.png 300w\" sizes=\"(max-width: 414px) 100vw, 414px\" \/>\t\t\t\t\t\t\t\t\t\t\t\t\t\t\t<\/div>\n\t\t\t\t<\/div>\n\t\t\t\t<div class=\"elementor-element elementor-element-19b1423 elementor-widget elementor-widget-image\" data-id=\"19b1423\" data-element_type=\"widget\" data-e-type=\"widget\" data-widget_type=\"image.default\">\n\t\t\t\t<div class=\"elementor-widget-container\">\n\t\t\t\t\t\t\t\t\t\t\t\t\t\t\t<img loading=\"lazy\" decoding=\"async\" width=\"1024\" height=\"383\" src=\"https:\/\/erb-sas.fr\/wp-content\/uploads\/2024\/11\/Rexel_corporate_logo.svg_-1024x383.png\" class=\"attachment-large size-large wp-image-149\" alt=\"\" srcset=\"https:\/\/erb-sas.fr\/wp-content\/uploads\/2024\/11\/Rexel_corporate_logo.svg_-1024x383.png 1024w, https:\/\/erb-sas.fr\/wp-content\/uploads\/2024\/11\/Rexel_corporate_logo.svg_-300x112.png 300w, https:\/\/erb-sas.fr\/wp-content\/uploads\/2024\/11\/Rexel_corporate_logo.svg_-768x287.png 768w, https:\/\/erb-sas.fr\/wp-content\/uploads\/2024\/11\/Rexel_corporate_logo.svg_-1536x575.png 1536w, https:\/\/erb-sas.fr\/wp-content\/uploads\/2024\/11\/Rexel_corporate_logo.svg_-2048x766.png 2048w\" sizes=\"(max-width: 1024px) 100vw, 1024px\" \/>\t\t\t\t\t\t\t\t\t\t\t\t\t\t\t<\/div>\n\t\t\t\t<\/div>\n\t\t\t\t<div class=\"elementor-element elementor-element-b1d5284 elementor-widget elementor-widget-image\" data-id=\"b1d5284\" data-element_type=\"widget\" data-e-type=\"widget\" data-widget_type=\"image.default\">\n\t\t\t\t<div class=\"elementor-widget-container\">\n\t\t\t\t\t\t\t\t\t\t\t\t\t\t\t<img loading=\"lazy\" decoding=\"async\" width=\"1024\" height=\"322\" src=\"https:\/\/erb-sas.fr\/wp-content\/uploads\/2024\/11\/Logo-Sammode-noir-1024x322.png\" class=\"attachment-large size-large wp-image-147\" alt=\"\" srcset=\"https:\/\/erb-sas.fr\/wp-content\/uploads\/2024\/11\/Logo-Sammode-noir-1024x322.png 1024w, https:\/\/erb-sas.fr\/wp-content\/uploads\/2024\/11\/Logo-Sammode-noir-300x94.png 300w, https:\/\/erb-sas.fr\/wp-content\/uploads\/2024\/11\/Logo-Sammode-noir-768x242.png 768w, https:\/\/erb-sas.fr\/wp-content\/uploads\/2024\/11\/Logo-Sammode-noir-1536x484.png 1536w, https:\/\/erb-sas.fr\/wp-content\/uploads\/2024\/11\/Logo-Sammode-noir-2048x645.png 2048w\" sizes=\"(max-width: 1024px) 100vw, 1024px\" \/>\t\t\t\t\t\t\t\t\t\t\t\t\t\t\t<\/div>\n\t\t\t\t<\/div>\n\t\t\t\t<div class=\"elementor-element elementor-element-ab1b05b elementor-widget elementor-widget-image\" data-id=\"ab1b05b\" data-element_type=\"widget\" data-e-type=\"widget\" data-widget_type=\"image.default\">\n\t\t\t\t<div class=\"elementor-widget-container\">\n\t\t\t\t\t\t\t\t\t\t\t\t\t\t\t<img loading=\"lazy\" decoding=\"async\" width=\"1024\" height=\"576\" src=\"https:\/\/erb-sas.fr\/wp-content\/uploads\/2024\/11\/Legrand-Logo-1024x576.png\" class=\"attachment-large size-large wp-image-145\" alt=\"\" srcset=\"https:\/\/erb-sas.fr\/wp-content\/uploads\/2024\/11\/Legrand-Logo-1024x576.png 1024w, https:\/\/erb-sas.fr\/wp-content\/uploads\/2024\/11\/Legrand-Logo-300x169.png 300w, https:\/\/erb-sas.fr\/wp-content\/uploads\/2024\/11\/Legrand-Logo-768x432.png 768w, https:\/\/erb-sas.fr\/wp-content\/uploads\/2024\/11\/Legrand-Logo-1536x864.png 1536w, https:\/\/erb-sas.fr\/wp-content\/uploads\/2024\/11\/Legrand-Logo-2048x1152.png 2048w\" sizes=\"(max-width: 1024px) 100vw, 1024px\" \/>\t\t\t\t\t\t\t\t\t\t\t\t\t\t\t<\/div>\n\t\t\t\t<\/div>\n\t\t\t\t\t<\/div>\n\t\t\t\t<\/div>\n\t\t<div class=\"elementor-element elementor-element-ac808b4 e-flex e-con-boxed e-con e-parent\" data-id=\"ac808b4\" data-element_type=\"container\" data-e-type=\"container\">\n\t\t\t\t\t<div class=\"e-con-inner\">\n\t\t<div class=\"elementor-element elementor-element-5588887 e-con-full e-flex e-con e-child\" data-id=\"5588887\" data-element_type=\"container\" data-e-type=\"container\">\n\t\t\t\t<div class=\"elementor-element elementor-element-46d243c elementor-widget elementor-widget-image\" data-id=\"46d243c\" data-element_type=\"widget\" data-e-type=\"widget\" data-widget_type=\"image.default\">\n\t\t\t\t<div class=\"elementor-widget-container\">\n\t\t\t\t\t\t\t\t\t\t\t\t\t\t\t<img loading=\"lazy\" decoding=\"async\" width=\"300\" height=\"200\" src=\"https:\/\/erb-sas.fr\/wp-content\/uploads\/2025\/01\/eclatec.png\" class=\"attachment-large size-large wp-image-280\" alt=\"\" \/>\t\t\t\t\t\t\t\t\t\t\t\t\t\t\t<\/div>\n\t\t\t\t<\/div>\n\t\t\t\t<\/div>\n\t\t<div class=\"elementor-element elementor-element-5daf434 e-con-full e-flex e-con e-child\" data-id=\"5daf434\" data-element_type=\"container\" data-e-type=\"container\">\n\t\t\t\t<div class=\"elementor-element elementor-element-b2dea1d elementor-widget elementor-widget-image\" data-id=\"b2dea1d\" data-element_type=\"widget\" data-e-type=\"widget\" data-widget_type=\"image.default\">\n\t\t\t\t<div class=\"elementor-widget-container\">\n\t\t\t\t\t\t\t\t\t\t\t\t\t\t\t<img loading=\"lazy\" decoding=\"async\" width=\"325\" height=\"123\" src=\"https:\/\/erb-sas.fr\/wp-content\/uploads\/2025\/01\/procablec-1.png\" class=\"attachment-large size-large wp-image-283\" alt=\"\" srcset=\"https:\/\/erb-sas.fr\/wp-content\/uploads\/2025\/01\/procablec-1.png 325w, https:\/\/erb-sas.fr\/wp-content\/uploads\/2025\/01\/procablec-1-300x114.png 300w\" sizes=\"(max-width: 325px) 100vw, 325px\" \/>\t\t\t\t\t\t\t\t\t\t\t\t\t\t\t<\/div>\n\t\t\t\t<\/div>\n\t\t\t\t<\/div>\n\t\t<div class=\"elementor-element elementor-element-33017a7 e-con-full e-flex e-con e-child\" data-id=\"33017a7\" data-element_type=\"container\" data-e-type=\"container\">\n\t\t\t\t<div class=\"elementor-element elementor-element-0c263fc elementor-widget elementor-widget-image\" data-id=\"0c263fc\" data-element_type=\"widget\" data-e-type=\"widget\" data-widget_type=\"image.default\">\n\t\t\t\t<div class=\"elementor-widget-container\">\n\t\t\t\t\t\t\t\t\t\t\t\t\t\t\t<img loading=\"lazy\" decoding=\"async\" width=\"1024\" height=\"576\" src=\"https:\/\/erb-sas.fr\/wp-content\/uploads\/2025\/01\/wago_logo.jpg\" class=\"attachment-large size-large wp-image-284\" alt=\"\" srcset=\"https:\/\/erb-sas.fr\/wp-content\/uploads\/2025\/01\/wago_logo.jpg 1024w, https:\/\/erb-sas.fr\/wp-content\/uploads\/2025\/01\/wago_logo-300x169.jpg 300w, https:\/\/erb-sas.fr\/wp-content\/uploads\/2025\/01\/wago_logo-768x432.jpg 768w\" sizes=\"(max-width: 1024px) 100vw, 1024px\" \/>\t\t\t\t\t\t\t\t\t\t\t\t\t\t\t<\/div>\n\t\t\t\t<\/div>\n\t\t\t\t<\/div>\n\t\t\t\t\t<\/div>\n\t\t\t\t<\/div>\n\t\t\t\t<\/div>\n\t\t","protected":false},"excerpt":{"rendered":"<p>ERB Votre \u00e9lectricien certifi\u00e9 La SASU ERB (Electricit\u00e9 R\u00e9novation B\u00e2timent) a \u00e9t\u00e9 fond\u00e9e en janvier 2013. La soci\u00e9t\u00e9 est \u00e0 sa cr\u00e9ation une petite entreprise tous corps d\u2019\u00e9tat. Le Pr\u00e9sident, fort d\u2019une exp\u00e9rience de plus de 25 ans oriente tr\u00e8s rapidement ERB exclusivement dans le domaine de l\u2019\u00e9lectricit\u00e9 g\u00e9n\u00e9rale, courants forts et courants faibles. Petit [&hellip;]<\/p>\n","protected":false},"author":1,"featured_media":0,"parent":0,"menu_order":0,"comment_status":"closed","ping_status":"closed","template":"","meta":{"footnotes":""},"class_list":["post-179","page","type-page","status-publish","hentry"],"_links":{"self":[{"href":"https:\/\/erb-sas.fr\/index.php\/wp-json\/wp\/v2\/pages\/179","targetHints":{"allow":["GET"]}}],"collection":[{"href":"https:\/\/erb-sas.fr\/index.php\/wp-json\/wp\/v2\/pages"}],"about":[{"href":"https:\/\/erb-sas.fr\/index.php\/wp-json\/wp\/v2\/types\/page"}],"author":[{"embeddable":true,"href":"https:\/\/erb-sas.fr\/index.php\/wp-json\/wp\/v2\/users\/1"}],"replies":[{"embeddable":true,"href":"https:\/\/erb-sas.fr\/index.php\/wp-json\/wp\/v2\/comments?post=179"}],"version-history":[{"count":17,"href":"https:\/\/erb-sas.fr\/index.php\/wp-json\/wp\/v2\/pages\/179\/revisions"}],"predecessor-version":[{"id":314,"href":"https:\/\/erb-sas.fr\/index.php\/wp-json\/wp\/v2\/pages\/179\/revisions\/314"}],"wp:attachment":[{"href":"https:\/\/erb-sas.fr\/index.php\/wp-json\/wp\/v2\/media?parent=179"}],"curies":[{"name":"wp","href":"https:\/\/api.w.org\/{rel}","templated":true}]}}