{"id":137,"date":"2024-11-18T14:03:51","date_gmt":"2024-11-18T13:03:51","guid":{"rendered":"https:\/\/erb-sas.fr\/?page_id=137"},"modified":"2025-04-28T13:54:14","modified_gmt":"2025-04-28T11:54:14","slug":"nos-realisations","status":"publish","type":"page","link":"https:\/\/erb-sas.fr\/index.php\/nos-realisations\/","title":{"rendered":"Nos R\u00e9alisations"},"content":{"rendered":"\t\t<div data-elementor-type=\"wp-page\" data-elementor-id=\"137\" class=\"elementor elementor-137\">\n\t\t\t\t<div class=\"elementor-element elementor-element-7b26b07 e-flex e-con-boxed e-con e-parent\" data-id=\"7b26b07\" data-element_type=\"container\" data-e-type=\"container\">\n\t\t\t\t\t<div class=\"e-con-inner\">\n\t\t\t\t<div class=\"elementor-element elementor-element-f6985ca elementor-widget elementor-widget-text-editor\" data-id=\"f6985ca\" data-element_type=\"widget\" data-e-type=\"widget\" data-widget_type=\"text-editor.default\">\n\t\t\t\t<div class=\"elementor-widget-container\">\n\t\t\t\t\t\t\t\t\t<blockquote><h4 style=\"text-align: center;\"><span style=\"color: #02aeed;\">Notre expertise et notre engagement qualit\u00e9 sont mis au service d\u2019une client\u00e8le du secteur industriel, tertiaire, priv\u00e9 ou public qui nous font toujours confiance.<\/span><\/h4><\/blockquote><p><span style=\"color: #004779;\">PETITDIDIER PIERRELAYE 2020 Am\u00e9nagement \u00e9lectrique B\u00e2timent<\/span><\/p><p><span style=\"color: #004779;\">SNCF NOISY LE SEC 2020 Changement cellules Hautes Tension<\/span><\/p><p><span style=\"color: #004779;\">SNCF ST OUEN 2020 Plateforme essai<\/span><\/p><p><span style=\"color: #004779;\">SNCF NOISY 2022 Construction Hall de stockage<\/span><\/p><p><span style=\"color: #004779;\">SNCF LONGUEVILLE 2022 Remplacement cand\u00e9labres<\/span><\/p><p><span style=\"color: #004779;\">SNCF CONFLANS SAINTE HONORINE 2022 Relamping gare<\/span><\/p><p><span style=\"text-decoration: underline; color: #004779;\">SNCF CREIL 2022 Remplacement projecteurs sur pyl\u00f4nes (d\u00e9tail en images)\u00a0<\/span><\/p><p><span style=\"color: #004779;\">SNCF Gare du Nord 2023 Remplacement 2 ascenseurs<\/span><\/p><p><span style=\"color: #004779;\">SNCF BOBIGNY 2023 Remplacement c\u00e2ble alimentation<\/span><\/p><p><span style=\"color: #004779;\">SNCF ACHERES 2024 \u2013 Installations M\u00e2t couronne multi-t\u00eate<\/span><\/p><p><span style=\"color: #004779;\">SNCF Ligne H 2024 \u2013 Relamping des quais, passerelles, gares<\/span><\/p><p><span style=\"color: #004779;\">GOLF ISLE ADAM 2024 \u2013 Mise en conformit\u00e9<\/span><\/p>\t\t\t\t\t\t\t\t<\/div>\n\t\t\t\t<\/div>\n\t\t\t\t\t<\/div>\n\t\t\t\t<\/div>\n\t\t<div class=\"elementor-element elementor-element-1f309c3 e-flex e-con-boxed e-con e-parent\" data-id=\"1f309c3\" data-element_type=\"container\" data-e-type=\"container\">\n\t\t\t\t\t<div class=\"e-con-inner\">\n\t\t\t\t<div class=\"elementor-element elementor-element-b423242 elementor-widget elementor-widget-text-editor\" data-id=\"b423242\" data-element_type=\"widget\" data-e-type=\"widget\" data-widget_type=\"text-editor.default\">\n\t\t\t\t<div class=\"elementor-widget-container\">\n\t\t\t\t\t\t\t\t\t<p><span style=\"color: #0794b8;\"><strong>INSTALLATION DE PROJECTEURS SUR PYLONES<\/strong><\/span><\/p><p>ERB a r\u00e9alis\u00e9 des travaux de <span style=\"text-decoration: underline;\">remplacement de projecteurs au sommet des Pyl\u00f4nes<\/span> D et F de 30 m\u00e8tres de haut au poste B sur les voies de la gare de Creil (60).<\/p><p>Les travaux se sont d\u00e9roul\u00e9s en plusieurs \u00e9tapes\u00a0:<\/p><p>Mise en s\u00e9curit\u00e9 du site (balisage)\u00a0:<br \/>Consignation des circuits<br \/>D\u00e9pose des projecteurs existants,<br \/>Installation des nouveaux projecteurs et raccordement<br \/>C\u00e2blage \u00e0 l\u2019armoire \u00e9lectrique<br \/>R\u00e9alisation des essais de jour<\/p>\t\t\t\t\t\t\t\t<\/div>\n\t\t\t\t<\/div>\n\t\t\t\t\t<\/div>\n\t\t\t\t<\/div>\n\t\t<div class=\"elementor-element elementor-element-540ac30 e-flex e-con-boxed e-con e-parent\" data-id=\"540ac30\" data-element_type=\"container\" data-e-type=\"container\">\n\t\t\t\t\t<div class=\"e-con-inner\">\n\t\t\t\t<div class=\"elementor-element elementor-element-66ef400 elementor-widget elementor-widget-image\" data-id=\"66ef400\" data-element_type=\"widget\" data-e-type=\"widget\" data-widget_type=\"image.default\">\n\t\t\t\t<div class=\"elementor-widget-container\">\n\t\t\t\t\t\t\t\t\t\t\t\t\t\t\t<img fetchpriority=\"high\" decoding=\"async\" width=\"1024\" height=\"576\" src=\"https:\/\/erb-sas.fr\/wp-content\/uploads\/2025\/01\/20220914_090338-tableau-1024x576.jpg\" class=\"attachment-large size-large wp-image-272\" alt=\"\" srcset=\"https:\/\/erb-sas.fr\/wp-content\/uploads\/2025\/01\/20220914_090338-tableau-1024x576.jpg 1024w, https:\/\/erb-sas.fr\/wp-content\/uploads\/2025\/01\/20220914_090338-tableau-300x169.jpg 300w, https:\/\/erb-sas.fr\/wp-content\/uploads\/2025\/01\/20220914_090338-tableau-768x432.jpg 768w, https:\/\/erb-sas.fr\/wp-content\/uploads\/2025\/01\/20220914_090338-tableau-1536x864.jpg 1536w, https:\/\/erb-sas.fr\/wp-content\/uploads\/2025\/01\/20220914_090338-tableau-2048x1152.jpg 2048w\" sizes=\"(max-width: 1024px) 100vw, 1024px\" \/>\t\t\t\t\t\t\t\t\t\t\t\t\t\t\t<\/div>\n\t\t\t\t<\/div>\n\t\t\t\t<div class=\"elementor-element elementor-element-c64b523 elementor-widget elementor-widget-image\" data-id=\"c64b523\" data-element_type=\"widget\" data-e-type=\"widget\" data-widget_type=\"image.default\">\n\t\t\t\t<div class=\"elementor-widget-container\">\n\t\t\t\t\t\t\t\t\t\t\t\t\t\t\t<img decoding=\"async\" width=\"1024\" height=\"576\" src=\"https:\/\/erb-sas.fr\/wp-content\/uploads\/2025\/01\/IMG-20220922-WA0003-1024x576.jpg\" class=\"attachment-large size-large wp-image-273\" alt=\"\" srcset=\"https:\/\/erb-sas.fr\/wp-content\/uploads\/2025\/01\/IMG-20220922-WA0003-1024x576.jpg 1024w, https:\/\/erb-sas.fr\/wp-content\/uploads\/2025\/01\/IMG-20220922-WA0003-300x169.jpg 300w, https:\/\/erb-sas.fr\/wp-content\/uploads\/2025\/01\/IMG-20220922-WA0003-768x432.jpg 768w, https:\/\/erb-sas.fr\/wp-content\/uploads\/2025\/01\/IMG-20220922-WA0003-1536x864.jpg 1536w, https:\/\/erb-sas.fr\/wp-content\/uploads\/2025\/01\/IMG-20220922-WA0003.jpg 1600w\" sizes=\"(max-width: 1024px) 100vw, 1024px\" \/>\t\t\t\t\t\t\t\t\t\t\t\t\t\t\t<\/div>\n\t\t\t\t<\/div>\n\t\t\t\t\t<\/div>\n\t\t\t\t<\/div>\n\t\t<div class=\"elementor-element elementor-element-3e87c4e e-flex e-con-boxed e-con e-parent\" data-id=\"3e87c4e\" data-element_type=\"container\" data-e-type=\"container\">\n\t\t\t\t\t<div class=\"e-con-inner\">\n\t\t<div class=\"elementor-element elementor-element-490dffd e-con-full e-flex e-con e-child\" data-id=\"490dffd\" data-element_type=\"container\" data-e-type=\"container\">\n\t\t\t\t<div class=\"elementor-element elementor-element-650ab38 elementor-widget elementor-widget-image\" data-id=\"650ab38\" data-element_type=\"widget\" data-e-type=\"widget\" data-widget_type=\"image.default\">\n\t\t\t\t<div class=\"elementor-widget-container\">\n\t\t\t\t\t\t\t\t\t\t\t\t<figure class=\"wp-caption\">\n\t\t\t\t\t\t\t\t\t\t<img decoding=\"async\" width=\"834\" height=\"469\" src=\"https:\/\/erb-sas.fr\/wp-content\/uploads\/2024\/11\/PROJAVT.jpg\" class=\"attachment-large size-large wp-image-175\" alt=\"\" srcset=\"https:\/\/erb-sas.fr\/wp-content\/uploads\/2024\/11\/PROJAVT.jpg 834w, https:\/\/erb-sas.fr\/wp-content\/uploads\/2024\/11\/PROJAVT-300x169.jpg 300w, https:\/\/erb-sas.fr\/wp-content\/uploads\/2024\/11\/PROJAVT-768x432.jpg 768w\" sizes=\"(max-width: 834px) 100vw, 834px\" \/>\t\t\t\t\t\t\t\t\t\t\t<figcaption class=\"widget-image-caption wp-caption-text\">Avant Intervention<\/figcaption>\n\t\t\t\t\t\t\t\t\t\t<\/figure>\n\t\t\t\t\t\t\t\t\t<\/div>\n\t\t\t\t<\/div>\n\t\t\t\t<\/div>\n\t\t<div class=\"elementor-element elementor-element-dfe2e55 e-con-full e-flex e-con e-child\" data-id=\"dfe2e55\" data-element_type=\"container\" data-e-type=\"container\">\n\t\t\t\t<div class=\"elementor-element elementor-element-0c00d69 elementor-widget elementor-widget-text-editor\" data-id=\"0c00d69\" data-element_type=\"widget\" data-e-type=\"widget\" data-widget_type=\"text-editor.default\">\n\t\t\t\t<div class=\"elementor-widget-container\">\n\t\t\t\t\t\t\t\t\t<p>R\u00e9glage des faisceaux de nuit\u00a0<\/p><p>La s\u00e9curit\u00e9 du personnel circulant de la SNCF et des entreprises ext\u00e9rieures est assur\u00e9e avec un \u00e9clairage puissant mais contr\u00f4l\u00e9. Lors des essais nous avons pris soin de ne pas \u00e9blouir les habitations proches tout en \u00e9clairant parfaitement les voies.<\/p><p>La SNCF a attribu\u00e9 la note de 19,4 \/ 20 pour le travail r\u00e9alis\u00e9 par ERB.<\/p>\t\t\t\t\t\t\t\t<\/div>\n\t\t\t\t<\/div>\n\t\t\t\t<\/div>\n\t\t<div class=\"elementor-element elementor-element-912b240 e-con-full e-flex e-con e-child\" data-id=\"912b240\" data-element_type=\"container\" data-e-type=\"container\">\n\t\t\t\t<div class=\"elementor-element elementor-element-6f1b14e elementor-widget elementor-widget-image\" data-id=\"6f1b14e\" data-element_type=\"widget\" data-e-type=\"widget\" data-widget_type=\"image.default\">\n\t\t\t\t<div class=\"elementor-widget-container\">\n\t\t\t\t\t\t\t\t\t\t\t\t<figure class=\"wp-caption\">\n\t\t\t\t\t\t\t\t\t\t<img loading=\"lazy\" decoding=\"async\" width=\"829\" height=\"466\" src=\"https:\/\/erb-sas.fr\/wp-content\/uploads\/2024\/11\/PROJAPRS.jpg\" class=\"attachment-large size-large wp-image-174\" alt=\"\" srcset=\"https:\/\/erb-sas.fr\/wp-content\/uploads\/2024\/11\/PROJAPRS.jpg 829w, https:\/\/erb-sas.fr\/wp-content\/uploads\/2024\/11\/PROJAPRS-300x169.jpg 300w, https:\/\/erb-sas.fr\/wp-content\/uploads\/2024\/11\/PROJAPRS-768x432.jpg 768w\" sizes=\"(max-width: 829px) 100vw, 829px\" \/>\t\t\t\t\t\t\t\t\t\t\t<figcaption class=\"widget-image-caption wp-caption-text\">Apr\u00e8s Intervention ERB<\/figcaption>\n\t\t\t\t\t\t\t\t\t\t<\/figure>\n\t\t\t\t\t\t\t\t\t<\/div>\n\t\t\t\t<\/div>\n\t\t\t\t<\/div>\n\t\t\t\t\t<\/div>\n\t\t\t\t<\/div>\n\t\t<div class=\"elementor-element elementor-element-685a7cc e-flex e-con-boxed e-con e-parent\" data-id=\"685a7cc\" data-element_type=\"container\" data-e-type=\"container\">\n\t\t\t\t\t<div class=\"e-con-inner\">\n\t\t\t\t<div class=\"elementor-element elementor-element-cb42f70 elementor-widget elementor-widget-image\" data-id=\"cb42f70\" data-element_type=\"widget\" data-e-type=\"widget\" data-widget_type=\"image.default\">\n\t\t\t\t<div class=\"elementor-widget-container\">\n\t\t\t\t\t\t\t\t\t\t\t\t\t\t\t<img loading=\"lazy\" decoding=\"async\" width=\"672\" height=\"856\" src=\"https:\/\/erb-sas.fr\/wp-content\/uploads\/2025\/01\/REALISATION-PYLONE-CREIL.png\" class=\"attachment-large size-large wp-image-271\" alt=\"\" srcset=\"https:\/\/erb-sas.fr\/wp-content\/uploads\/2025\/01\/REALISATION-PYLONE-CREIL.png 672w, https:\/\/erb-sas.fr\/wp-content\/uploads\/2025\/01\/REALISATION-PYLONE-CREIL-236x300.png 236w\" sizes=\"(max-width: 672px) 100vw, 672px\" \/>\t\t\t\t\t\t\t\t\t\t\t\t\t\t\t<\/div>\n\t\t\t\t<\/div>\n\t\t\t\t\t<\/div>\n\t\t\t\t<\/div>\n\t\t\t\t<\/div>\n\t\t","protected":false},"excerpt":{"rendered":"<p>Notre expertise et notre engagement qualit\u00e9 sont mis au service d\u2019une client\u00e8le du secteur industriel, tertiaire, priv\u00e9 ou public qui nous font toujours confiance. PETITDIDIER PIERRELAYE 2020 Am\u00e9nagement \u00e9lectrique B\u00e2timent SNCF NOISY LE SEC 2020 Changement cellules Hautes Tension SNCF ST OUEN 2020 Plateforme essai SNCF NOISY 2022 Construction Hall de stockage SNCF LONGUEVILLE 2022 [&hellip;]<\/p>\n","protected":false},"author":1,"featured_media":0,"parent":0,"menu_order":0,"comment_status":"closed","ping_status":"closed","template":"","meta":{"footnotes":""},"class_list":["post-137","page","type-page","status-publish","hentry"],"_links":{"self":[{"href":"https:\/\/erb-sas.fr\/index.php\/wp-json\/wp\/v2\/pages\/137","targetHints":{"allow":["GET"]}}],"collection":[{"href":"https:\/\/erb-sas.fr\/index.php\/wp-json\/wp\/v2\/pages"}],"about":[{"href":"https:\/\/erb-sas.fr\/index.php\/wp-json\/wp\/v2\/types\/page"}],"author":[{"embeddable":true,"href":"https:\/\/erb-sas.fr\/index.php\/wp-json\/wp\/v2\/users\/1"}],"replies":[{"embeddable":true,"href":"https:\/\/erb-sas.fr\/index.php\/wp-json\/wp\/v2\/comments?post=137"}],"version-history":[{"count":20,"href":"https:\/\/erb-sas.fr\/index.php\/wp-json\/wp\/v2\/pages\/137\/revisions"}],"predecessor-version":[{"id":310,"href":"https:\/\/erb-sas.fr\/index.php\/wp-json\/wp\/v2\/pages\/137\/revisions\/310"}],"wp:attachment":[{"href":"https:\/\/erb-sas.fr\/index.php\/wp-json\/wp\/v2\/media?parent=137"}],"curies":[{"name":"wp","href":"https:\/\/api.w.org\/{rel}","templated":true}]}}