{"id":125,"date":"2024-11-18T13:53:03","date_gmt":"2024-11-18T12:53:03","guid":{"rendered":"https:\/\/erb-sas.fr\/?page_id=125"},"modified":"2024-11-19T09:53:35","modified_gmt":"2024-11-19T08:53:35","slug":"nos-secteurs-dinterventions","status":"publish","type":"page","link":"https:\/\/erb-sas.fr\/index.php\/nos-secteurs-dinterventions\/","title":{"rendered":"Nos secteurs d&rsquo;interventions"},"content":{"rendered":"\t\t<div data-elementor-type=\"wp-page\" data-elementor-id=\"125\" class=\"elementor elementor-125\">\n\t\t\t\t<div class=\"elementor-element elementor-element-a337c3b e-flex e-con-boxed e-con e-parent\" data-id=\"a337c3b\" data-element_type=\"container\" data-e-type=\"container\">\n\t\t\t\t\t<div class=\"e-con-inner\">\n\t\t\t\t<div class=\"elementor-element elementor-element-29a49de elementor-widget elementor-widget-text-editor\" data-id=\"29a49de\" data-element_type=\"widget\" data-e-type=\"widget\" data-widget_type=\"text-editor.default\">\n\t\t\t\t<div class=\"elementor-widget-container\">\n\t\t\t\t\t\t\t\t\t<p><b><span style=\"font-size: 20.5pt; line-height: 107%; font-family: 'Arial',sans-serif; mso-fareast-font-family: 'Times New Roman'; color: #02aeed; text-transform: uppercase; letter-spacing: .75pt; mso-font-kerning: 0pt; mso-ligatures: none; mso-fareast-language: FR;\">ERB &#8211; au service de l\u2019industrie<\/span><\/b><\/p><p>Nous intervenons sur des chantiers de petite, moyenne et grande envergure en r\u00e9gion parisienne.<\/p><ul><li><strong> Mise aux normes des installations \u00e9lectriques<\/strong><br \/><strong>\u2022 Ventilation d\u2019extraction<\/strong><br \/><strong>\u2022 Am\u00e9nagement \u00e9lectrique pour bureaux et entrep\u00f4ts<\/strong><br \/><strong>\u2022 Chauffage \u00e9lectrique<\/strong><br \/><strong>\u2022 Alimentation \u00e9lectrique \/ Augmentation de puissance<\/strong><br \/><strong>\u2022 S\u00e9curisation (alarmes, ventilation, am\u00e9nagement, acc\u00e8s s\u00e9curis\u00e9s)<\/strong><\/li><\/ul><p style=\"margin-bottom: 0cm; background-image: initial; background-position: initial; background-size: initial; background-repeat: initial; background-attachment: initial; background-origin: initial; background-clip: initial;\"><b><span style=\"font-size: 20.5pt; font-family: 'Arial',sans-serif; mso-fareast-font-family: 'Times New Roman'; color: #02aeed; text-transform: uppercase; letter-spacing: .75pt; mso-font-kerning: 0pt; mso-ligatures: none; mso-fareast-language: FR;\">erb &#8211;\u00a0<\/span><\/b><b style=\"color: var( --e-global-color-text ); font-family: var( --e-global-typography-text-font-family ), Sans-serif; text-align: var(--text-align); font-size: 1rem;\"><span style=\"font-size: 20.5pt; font-family: 'Arial',sans-serif; mso-fareast-font-family: 'Times New Roman'; color: #02aeed; text-transform: uppercase; letter-spacing: .75pt; mso-font-kerning: 0pt; mso-ligatures: none; mso-fareast-language: FR;\">\u00e9lectricien g\u00e9n\u00e9ral\u00a0<\/span><\/b><b style=\"color: var( --e-global-color-text ); font-family: var( --e-global-typography-text-font-family ), Sans-serif; text-align: var(--text-align); font-size: 1rem;\"><span style=\"font-size: 20.5pt; font-family: 'Arial',sans-serif; mso-fareast-font-family: 'Times New Roman'; color: #02aeed; text-transform: uppercase; letter-spacing: .75pt; mso-font-kerning: 0pt; mso-ligatures: none; mso-fareast-language: FR;\">pour le tertiaire<\/span><\/b><\/p><p>De nombreuses entreprises et commerces font appel \u00e0 nos services lors d\u2019une installation ou d\u2019une r\u00e9novation de leurs locaux.<\/p><ul><li><strong> Entretien pr\u00e9ventif des r\u00e9seaux et \u00e9quipements<\/strong><br \/><strong>\u2022 Installation de groupe \u00e9lectrog\u00e8ne<\/strong><br \/><strong>\u2022 Alimentation de chaudi\u00e8re \u00e9lectrique<\/strong><br \/><strong>\u2022 Mise en conformit\u00e9 des installations<\/strong><br \/><strong>\u2022 Chauffage, ventilation et climatisation des espaces<\/strong><br \/><strong>\u2022 Installation de r\u00e9seau VDI<\/strong><\/li><li><strong> Installation de borne rechargeable (IRVE)<\/strong><\/li><li><strong> \u00c9clairage<\/strong><\/li><\/ul><p><b style=\"color: var( --e-global-color-text ); font-family: var( --e-global-typography-text-font-family ), Sans-serif; text-align: var(--text-align); font-size: 1rem;\"><span style=\"font-size: 20.5pt; font-family: 'Arial',sans-serif; mso-fareast-font-family: 'Times New Roman'; color: #02aeed; text-transform: uppercase; letter-spacing: .75pt; mso-font-kerning: 0pt; mso-ligatures: none; mso-fareast-language: FR;\">ERB &#8211;\u00a0<\/span><\/b><b style=\"color: var( --e-global-color-text ); font-family: var( --e-global-typography-text-font-family ), Sans-serif; text-align: var(--text-align); font-size: 1rem;\"><span style=\"font-size: 20.5pt; font-family: 'Arial',sans-serif; mso-fareast-font-family: 'Times New Roman'; color: #02aeed; text-transform: uppercase; letter-spacing: .75pt; mso-font-kerning: 0pt; mso-ligatures: none; mso-fareast-language: FR;\">partenaire des collectivit\u00e9s<\/span><\/b><\/p><p>En tant que sp\u00e9cialiste de l\u2019\u00e9lectricit\u00e9 g\u00e9n\u00e9rale, les communes nous font confiance pour leurs locaux publics.<\/p><ul><li><strong> \u00c9coles<\/strong><\/li><li><strong> Stades<\/strong><\/li><li><strong> Biblioth\u00e8ques<\/strong><\/li><li><strong> Gendarmerie<\/strong><\/li><li><strong> Coll\u00e8ges<\/strong><\/li><li><strong> B\u00e2timents administratifs<\/strong><\/li><li><strong> H\u00f4pitaux<\/strong><\/li><li><strong> Etablissements sp\u00e9cialis\u00e9s<\/strong><\/li><\/ul>\t\t\t\t\t\t\t\t<\/div>\n\t\t\t\t<\/div>\n\t\t\t\t\t<\/div>\n\t\t\t\t<\/div>\n\t\t\t\t<\/div>\n\t\t","protected":false},"excerpt":{"rendered":"<p>ERB &#8211; au service de l\u2019industrie Nous intervenons sur des chantiers de petite, moyenne et grande envergure en r\u00e9gion parisienne. Mise aux normes des installations \u00e9lectriques\u2022 Ventilation d\u2019extraction\u2022 Am\u00e9nagement \u00e9lectrique pour bureaux et entrep\u00f4ts\u2022 Chauffage \u00e9lectrique\u2022 Alimentation \u00e9lectrique \/ Augmentation de puissance\u2022 S\u00e9curisation (alarmes, ventilation, am\u00e9nagement, acc\u00e8s s\u00e9curis\u00e9s) erb &#8211;\u00a0\u00e9lectricien g\u00e9n\u00e9ral\u00a0pour le tertiaire De nombreuses [&hellip;]<\/p>\n","protected":false},"author":1,"featured_media":0,"parent":0,"menu_order":0,"comment_status":"closed","ping_status":"closed","template":"","meta":{"footnotes":""},"class_list":["post-125","page","type-page","status-publish","hentry"],"_links":{"self":[{"href":"https:\/\/erb-sas.fr\/index.php\/wp-json\/wp\/v2\/pages\/125","targetHints":{"allow":["GET"]}}],"collection":[{"href":"https:\/\/erb-sas.fr\/index.php\/wp-json\/wp\/v2\/pages"}],"about":[{"href":"https:\/\/erb-sas.fr\/index.php\/wp-json\/wp\/v2\/types\/page"}],"author":[{"embeddable":true,"href":"https:\/\/erb-sas.fr\/index.php\/wp-json\/wp\/v2\/users\/1"}],"replies":[{"embeddable":true,"href":"https:\/\/erb-sas.fr\/index.php\/wp-json\/wp\/v2\/comments?post=125"}],"version-history":[{"count":16,"href":"https:\/\/erb-sas.fr\/index.php\/wp-json\/wp\/v2\/pages\/125\/revisions"}],"predecessor-version":[{"id":228,"href":"https:\/\/erb-sas.fr\/index.php\/wp-json\/wp\/v2\/pages\/125\/revisions\/228"}],"wp:attachment":[{"href":"https:\/\/erb-sas.fr\/index.php\/wp-json\/wp\/v2\/media?parent=125"}],"curies":[{"name":"wp","href":"https:\/\/api.w.org\/{rel}","templated":true}]}}